{"id":7079,"date":"2024-03-04T12:14:27","date_gmt":"2024-03-04T11:14:27","guid":{"rendered":"https:\/\/blou.amsterdam\/product\/creme-de-la-creme-ring\/"},"modified":"2024-12-28T09:58:47","modified_gmt":"2024-12-28T08:58:47","slug":"creme-de-la-creme-ring","status":"publish","type":"product","link":"https:\/\/blou.amsterdam\/en\/product\/creme-de-la-creme-ring\/","title":{"rendered":"Platinum Ring Cr\u00e8me de la Cr\u00e8me"},"content":{"rendered":"<h1>Cr\u00e8me de la Cr\u00e8me Ring<\/h1>\n<p>The <em> Cr\u00e8me de la Cr\u00e8me Ring <\/em>by goldsmith Margriet Cuijpers<\/p>\n<h3>Product Specifications<\/h3>\n<ul>\n<li>Platinum<\/li>\n<li>Diamond:\n<ul>\n<li>2x Brilliant-cut grey ice diamond (0.16 ct \/ 3.5 mm)<\/li>\n<li>2x Brilliant-cut white broken dreams (0.20 ct \/ 3.7 mm)<\/li>\n<li>1x Rose-cut yellow opaque (0.41 ct \/ 4.3 mm)<\/li>\n<li>2x Rough uncut diamond (0.01 ct \/ 1 mm)<\/li>\n<\/ul>\n<\/li>\n<li>Dimensions:\n<ul>\n<li>Shank: 2.3 x 1.5 mm<\/li>\n<li>Centrepiece:\u00a0 18.2 x 5.1 mm<\/li>\n<\/ul>\n<\/li>\n<li>Ring size: 18.00 mm<\/li>\n<\/ul>\n<h3>All Natural Diamonds<\/h3>\n<p>Traditionally, only the most transparent diamonds are cut into gemstones and set in jewelry. A true shame, Margriet thought, as there are countless beautiful diamonds of the wildest of colours and shapes. She wanted to show the world the beauty of these natural diamonds. In 2017, After 33 years of goldsmithing, Margriet Cuijpers started cutting diamonds herself. She could finally decide for herself which diamonds to use and how to use them.<\/p>\n<p>This new adventure led to her current brand: <em>All Natural Diamonds by Margriet<\/em>. She cuts and processes all types, sizes, colors and shapes of the diamond and she expertly fixes the stones in every piece of jewelry using microscopic setting technique. Craftsmanship and creativity go together, the result is unique, contemporary and valuable jewelry.<\/p>\n<p>Her goal? To show the beauty of <em>all<\/em> stones in her jewelry.<\/p>\n","protected":false},"excerpt":{"rendered":"<p>A joyful platinum ring with white and iced grey diamonds set around a sunny yellow diamond. Two small rough diamonds at the sides at a fine detail to complete the party.<\/p>\n","protected":false},"featured_media":6026,"template":"","meta":[],"product_brand":[],"product_cat":[211,223,221],"product_tag":[],"class_list":{"0":"post-7079","1":"product","2":"type-product","3":"status-publish","4":"has-post-thumbnail","6":"product_cat-all-jewelry","7":"product_cat-jewelry-margriet","8":"product_cat-rings","10":"first","11":"instock","12":"taxable","13":"shipping-taxable","14":"purchasable","15":"product-type-simple"},"_links":{"self":[{"href":"https:\/\/blou.amsterdam\/en\/wp-json\/wp\/v2\/product\/7079","targetHints":{"allow":["GET"]}}],"collection":[{"href":"https:\/\/blou.amsterdam\/en\/wp-json\/wp\/v2\/product"}],"about":[{"href":"https:\/\/blou.amsterdam\/en\/wp-json\/wp\/v2\/types\/product"}],"wp:featuredmedia":[{"embeddable":true,"href":"https:\/\/blou.amsterdam\/en\/wp-json\/wp\/v2\/media\/6026"}],"wp:attachment":[{"href":"https:\/\/blou.amsterdam\/en\/wp-json\/wp\/v2\/media?parent=7079"}],"wp:term":[{"taxonomy":"product_brand","embeddable":true,"href":"https:\/\/blou.amsterdam\/en\/wp-json\/wp\/v2\/product_brand?post=7079"},{"taxonomy":"product_cat","embeddable":true,"href":"https:\/\/blou.amsterdam\/en\/wp-json\/wp\/v2\/product_cat?post=7079"},{"taxonomy":"product_tag","embeddable":true,"href":"https:\/\/blou.amsterdam\/en\/wp-json\/wp\/v2\/product_tag?post=7079"}],"curies":[{"name":"wp","href":"https:\/\/api.w.org\/{rel}","templated":true}]}}